{"id":8815,"date":"2021-04-26T12:57:39","date_gmt":"2021-04-26T12:57:39","guid":{"rendered":"https:\/\/test-sprintdistillery.evoluzioniweb.com\/?page_id=8815"},"modified":"2021-04-27T07:14:08","modified_gmt":"2021-04-27T07:14:08","slug":"cookie","status":"publish","type":"page","link":"https:\/\/www.sprintdistillery.it\/en\/cookie\/","title":{"rendered":"cookie"},"content":{"rendered":"<p><strong>INFORMATIVA SULL\u2019USO DEI COOKIE<\/strong><\/p>\n<p>Ai sensi del provvedimento del Garante per la protezione dei dati personali in tema di \u201cIndividuazione delle modalit\u00e0 semplificate per l\u2019informativa e l\u2019acquisizione del consenso per l\u2019uso di cookie \u2013 8 maggio 2014\u201d e dell\u2019art .2, par. 5, Direttiva 2009\/136\/CE vengono fornite di seguito le informazioni circa l\u2019utilizzo dei cookie sul sito web<\/p>\n<p>www.sprintdistillery.it<\/p>\n<p><strong>\u00a0<\/strong><\/p>\n<p><strong>Cosa sono i cookie?<\/strong><\/p>\n<p>I cookie sono piccole stringhe di testo inviati da un sito web, durante la navigazione, al terminale dell\u2019utente, ove vengono memorizzati per essere in seguito ritrasmessi alla successiva visita del medesimo utente. Questo sito, al fine di rendere i propri servizi efficienti e semplici da utilizzare, fa uso di cookie tecnici e di terze parti. Pertanto, quando si visita il Sito, viene inserita una quantit\u00e0 minima di informazioni nel dispositivo dell\u2019Utente, file di testo chiamati \u201ccookie\u201d, che vengono salvati nella directory del browser Web.<\/p>\n<p><strong>\u00a0<\/strong><\/p>\n<p><strong>Tipologie e cookie utilizzati:<\/strong><\/p>\n<p>i siti web usano cookie per diverse finalit\u00e0, ma possono essere raggruppati nelle categorie sotto indicate:<\/p>\n<p>&nbsp;<\/p>\n<p><u>Cookie Tecnici<\/u>: utilizzati al solo fine di effettuare la trasmissione di una comunicazione su una rete di comunicazione elettronica. Non sono utilizzati per scopi ulteriori e possono essere distinti ulteriormente tra Cookie di Navigazione o di sessione, che garantiscono la normale navigazione e la fruizione del sito web, relativi ad attivit\u00e0 strettamente necessarie al funzionamento e all\u2019erogazione del servizio e Cookie di Funzionalit\u00e0 che permettono all\u2019utente la navigazione in funzione di criteri selezionati, relativi ad attivit\u00e0 di salvataggio delle preferenze e ottimizzazione al fine di migliorare il servizio reso all\u2019utente. I cookie tecnici comprendono sia quelli persistenti che di sessione: in assenza di tali cookie il sito o alcune parti di esso potrebbero non funzionare correttamente. Pertanto, vengono sempre utilizzati e inviati dal nostro dominio.<\/p>\n<p>Il sito utilizza cookie tecnici allo scopo di:<\/p>\n<p><u>Cookie di terze parti<\/u>: generati e gestiti da soggetti diversi dal gestore del sito web sul quale l\u2019utente sta navigando.<\/p>\n<ul>\n<li><u>Google Analytics\u00a0<\/u>con IP anonimizzato \u00e8 un servizio di analisi web fornito da Google Inc. (\u201cGoogle\u201d). Google utilizza i Dati Personali raccolti allo scopo di tracciare ed esaminare l\u2019utilizzo di questa Applicazione, compilare report e condividerli con gli altri servizi sviluppati da Google. Google potrebbe utilizzare i Dati Personali per contestualizzare e personalizzare gli annunci del proprio network pubblicitario. Questa integrazione di Google Analytics rende anonimo il tuo indirizzo IP. L\u2019anonimizzazione funziona abbreviando entro i confini degli stati membri dell\u2019Unione Europea o in altri Paesi aderenti all\u2019accordo sullo Spazio Economico Europeo l\u2019indirizzo IP degli Utenti. Solo in casi eccezionali, l\u2019indirizzo IP sar\u00e0 inviato ai server di Google ed abbreviato all\u2019interno degli Stati Uniti.<\/li>\n<\/ul>\n<p>Dati Personali raccolti: Cookie e Dati di utilizzo.<\/p>\n<p>Luogo del trattamento: Stati Uniti, soggetto aderente al Privacy Shield.<\/p>\n<p>Opt Put\u00a0<a href=\"https:\/\/tools.google.com\/dlpage\/gaoptout?hl=it\">https:\/\/tools.google.com\/dlpage\/gaoptout?hl=it<\/a><\/p>\n<p>Privacy Policy:\u00a0<a href=\"https:\/\/policies.google.com\/privacy?hl=it&amp;gl=uk\">https:\/\/policies.google.com\/privacy?hl=it&amp;gl=uk<\/a><\/p>\n<p><strong>\u00a0<\/strong><\/p>\n<p><strong>Come disabilitare\/cancellare i cookie mediante configurazione del browser:<\/strong><\/p>\n<p>Se \u00e8 gi\u00e0 stato prestato il consenso ma si ha intenzione di modificare le autorizzazioni dei cookie, l\u2019utente pu\u00f2 bloccare o limitare la ricezione degli stessi attraverso le opzioni del proprio browser. Non \u00e8 possibile controllare i cookie di terze parti: in questo caso, qualora sia gi\u00e0 stato prestato il consenso, sar\u00e0 necessario procedere alla cancellazione dei cookie attraverso il browser oppure chiedendo l\u2019opt-out direttamente alle terze parti o mediante il sito\u00a0<a href=\"http:\/\/www.youronlinechoices.com\/it\/\">http:\/\/www.youronlinechoices.com\/it\/<\/a><\/p>\n<p>Il sito web potrebbe contenere collegamenti ad altri siti che dispongono di una propria informativa sulla privacy e che pu\u00f2 essere diversa da quella adottata. Non si risponde per questi siti, invitando l\u2019utente a verificare e controllare la privacy policy del sito oggetto del collegamento.<\/p>\n<p>&nbsp;<\/p>\n<p>Se si disabilitano\/cancellano i cookie, non si potr\u00e0 pi\u00f9 disporre di alcune delle funzioni necessarie per la navigazione del sito. In ogni momento l\u2019utente pu\u00f2 disabilitare l\u2019utilizzo dei cookie sul proprio terminale, modificando la configurazione del proprio browser di navigazione secondo le modalit\u00e0 descritte nel men\u00f9 di aiuto dello stesso. Si riportano, di seguito, le opzioni per attivare\/disabilitare l\u2019utilizzo dei cookie per i browser pi\u00f9 diffusi:<\/p>\n<p><u>Internet Explorer<\/u>:\u00a0<a href=\"http:\/\/windows.microsoft.com\/it-it\/windows7\/block-enable-or-allow-cookies\">http:\/\/windows.microsoft.com\/it-it\/windows7\/block-enable-or-allow-cookies<\/a><\/p>\n<p><u>Firefox<\/u>:\u00a0<a href=\"https:\/\/support.mozilla.org\/it\/kb\/Attivare%20e%20disattivare%20i%20cookie\">https:\/\/support.mozilla.org\/it\/kb\/Attivare%20e%20disattivare%20i%20cookie<\/a><\/p>\n<p><u>Chrome<\/u>:\u00a0<a href=\"https:\/\/support.google.com\/chrome\/answer\/95647?hl=it-IT&amp;hlrm=fr&amp;hlrm=en\">https:\/\/support.google.com\/chrome\/answer\/95647?hl=it-IT&amp;hlrm=fr&amp;hlrm=en<\/a><\/p>\n<p>Opera:\u00a0<a href=\"http:\/\/www.opera.com\/help\/tutorials\/security\/privacy\/\">http:\/\/www.opera.com\/help\/tutorials\/security\/privacy\/<\/a><\/p>\n<p><u>Safari<\/u>:\u00a0<a href=\"https:\/\/support.apple.com\/kb\/PH17191?viewlocale=en_US&amp;locale=it_IT\">https:\/\/support.apple.com\/kb\/PH17191?viewlocale=en_US&amp;locale=it_IT<\/a><\/p>\n<p>&nbsp;<\/p>\n<p>Di norma, i browser oggi adoperati offrono: a) l\u2019opzione \u201cDo not track\u201d, che \u00e8 supportata da alcuni siti web (ma non da tutti): in tal modo, alcuni siti web potrebbero non raccogliere pi\u00f9 taluni dati di navigazione; b) l\u2019opzione di navigazione anonima o in incognito: in tal modo non saranno raccolti dati nel browser e non sar\u00e0 salvata la cronologia di navigazione, ma i dati di navigazione saranno comunque acquisibili dal gestore del sito web visitato; c) la possibilit\u00e0 di eliminare i cookie memorizzati in tutto o in parte, ma alla nuova visita ad un sito web vengono di norma installati ove tale possibilit\u00e0 non venga bloccata.<\/p>\n","protected":false},"excerpt":{"rendered":"<p>INFORMATIVA SULL\u2019USO DEI COOKIE Ai sensi del provvedimento del Garante per la protezione dei dati personali in tema di \u201cIndividuazione<\/p>\n","protected":false},"author":1,"featured_media":0,"parent":0,"menu_order":0,"comment_status":"closed","ping_status":"closed","template":"","meta":{"footnotes":""},"class_list":["post-8815","page","type-page","status-publish","hentry"],"yoast_head":"<!-- This site is optimized with the Yoast SEO plugin v25.1 - https:\/\/yoast.com\/wordpress\/plugins\/seo\/ -->\n<title>cookie - Sprint Distillery<\/title>\n<meta name=\"robots\" content=\"index, follow, max-snippet:-1, max-image-preview:large, max-video-preview:-1\" \/>\n<link rel=\"canonical\" href=\"https:\/\/www.sprintdistillery.it\/en\/cookie\/\" \/>\n<meta property=\"og:locale\" content=\"en_US\" \/>\n<meta property=\"og:type\" content=\"article\" \/>\n<meta property=\"og:title\" content=\"cookie - Sprint Distillery\" \/>\n<meta property=\"og:description\" content=\"INFORMATIVA SULL\u2019USO DEI COOKIE Ai sensi del provvedimento del Garante per la protezione dei dati personali in tema di \u201cIndividuazione\" \/>\n<meta property=\"og:url\" content=\"https:\/\/www.sprintdistillery.it\/en\/cookie\/\" \/>\n<meta property=\"og:site_name\" content=\"Sprint Distillery\" \/>\n<meta property=\"article:modified_time\" content=\"2021-04-27T07:14:08+00:00\" \/>\n<meta name=\"twitter:card\" content=\"summary_large_image\" \/>\n<meta name=\"twitter:label1\" content=\"Est. reading time\" \/>\n\t<meta name=\"twitter:data1\" content=\"4 minutes\" \/>\n<script type=\"application\/ld+json\" class=\"yoast-schema-graph\">{\"@context\":\"https:\/\/schema.org\",\"@graph\":[{\"@type\":\"WebPage\",\"@id\":\"https:\/\/www.sprintdistillery.it\/en\/cookie\/\",\"url\":\"https:\/\/www.sprintdistillery.it\/en\/cookie\/\",\"name\":\"cookie - Sprint Distillery\",\"isPartOf\":{\"@id\":\"https:\/\/www.sprintdistillery.it\/#website\"},\"datePublished\":\"2021-04-26T12:57:39+00:00\",\"dateModified\":\"2021-04-27T07:14:08+00:00\",\"breadcrumb\":{\"@id\":\"https:\/\/www.sprintdistillery.it\/en\/cookie\/#breadcrumb\"},\"inLanguage\":\"en-US\",\"potentialAction\":[{\"@type\":\"ReadAction\",\"target\":[\"https:\/\/www.sprintdistillery.it\/en\/cookie\/\"]}]},{\"@type\":\"BreadcrumbList\",\"@id\":\"https:\/\/www.sprintdistillery.it\/en\/cookie\/#breadcrumb\",\"itemListElement\":[{\"@type\":\"ListItem\",\"position\":1,\"name\":\"Home\",\"item\":\"https:\/\/www.sprintdistillery.it\/en\/\"},{\"@type\":\"ListItem\",\"position\":2,\"name\":\"cookie\"}]},{\"@type\":\"WebSite\",\"@id\":\"https:\/\/www.sprintdistillery.it\/#website\",\"url\":\"https:\/\/www.sprintdistillery.it\/\",\"name\":\"Sprint Distillery\",\"description\":\"Produzione artigianale di bevande alcoliche\",\"potentialAction\":[{\"@type\":\"SearchAction\",\"target\":{\"@type\":\"EntryPoint\",\"urlTemplate\":\"https:\/\/www.sprintdistillery.it\/?s={search_term_string}\"},\"query-input\":{\"@type\":\"PropertyValueSpecification\",\"valueRequired\":true,\"valueName\":\"search_term_string\"}}],\"inLanguage\":\"en-US\"}]}<\/script>\n<!-- \/ Yoast SEO plugin. -->","yoast_head_json":{"title":"cookie - Sprint Distillery","robots":{"index":"index","follow":"follow","max-snippet":"max-snippet:-1","max-image-preview":"max-image-preview:large","max-video-preview":"max-video-preview:-1"},"canonical":"https:\/\/www.sprintdistillery.it\/en\/cookie\/","og_locale":"en_US","og_type":"article","og_title":"cookie - Sprint Distillery","og_description":"INFORMATIVA SULL\u2019USO DEI COOKIE Ai sensi del provvedimento del Garante per la protezione dei dati personali in tema di \u201cIndividuazione","og_url":"https:\/\/www.sprintdistillery.it\/en\/cookie\/","og_site_name":"Sprint Distillery","article_modified_time":"2021-04-27T07:14:08+00:00","twitter_card":"summary_large_image","twitter_misc":{"Est. reading time":"4 minutes"},"schema":{"@context":"https:\/\/schema.org","@graph":[{"@type":"WebPage","@id":"https:\/\/www.sprintdistillery.it\/en\/cookie\/","url":"https:\/\/www.sprintdistillery.it\/en\/cookie\/","name":"cookie - Sprint Distillery","isPartOf":{"@id":"https:\/\/www.sprintdistillery.it\/#website"},"datePublished":"2021-04-26T12:57:39+00:00","dateModified":"2021-04-27T07:14:08+00:00","breadcrumb":{"@id":"https:\/\/www.sprintdistillery.it\/en\/cookie\/#breadcrumb"},"inLanguage":"en-US","potentialAction":[{"@type":"ReadAction","target":["https:\/\/www.sprintdistillery.it\/en\/cookie\/"]}]},{"@type":"BreadcrumbList","@id":"https:\/\/www.sprintdistillery.it\/en\/cookie\/#breadcrumb","itemListElement":[{"@type":"ListItem","position":1,"name":"Home","item":"https:\/\/www.sprintdistillery.it\/en\/"},{"@type":"ListItem","position":2,"name":"cookie"}]},{"@type":"WebSite","@id":"https:\/\/www.sprintdistillery.it\/#website","url":"https:\/\/www.sprintdistillery.it\/","name":"Sprint Distillery","description":"Produzione artigianale di bevande alcoliche","potentialAction":[{"@type":"SearchAction","target":{"@type":"EntryPoint","urlTemplate":"https:\/\/www.sprintdistillery.it\/?s={search_term_string}"},"query-input":{"@type":"PropertyValueSpecification","valueRequired":true,"valueName":"search_term_string"}}],"inLanguage":"en-US"}]}},"_links":{"self":[{"href":"https:\/\/www.sprintdistillery.it\/en\/wp-json\/wp\/v2\/pages\/8815","targetHints":{"allow":["GET"]}}],"collection":[{"href":"https:\/\/www.sprintdistillery.it\/en\/wp-json\/wp\/v2\/pages"}],"about":[{"href":"https:\/\/www.sprintdistillery.it\/en\/wp-json\/wp\/v2\/types\/page"}],"author":[{"embeddable":true,"href":"https:\/\/www.sprintdistillery.it\/en\/wp-json\/wp\/v2\/users\/1"}],"replies":[{"embeddable":true,"href":"https:\/\/www.sprintdistillery.it\/en\/wp-json\/wp\/v2\/comments?post=8815"}],"version-history":[{"count":1,"href":"https:\/\/www.sprintdistillery.it\/en\/wp-json\/wp\/v2\/pages\/8815\/revisions"}],"predecessor-version":[{"id":8816,"href":"https:\/\/www.sprintdistillery.it\/en\/wp-json\/wp\/v2\/pages\/8815\/revisions\/8816"}],"wp:attachment":[{"href":"https:\/\/www.sprintdistillery.it\/en\/wp-json\/wp\/v2\/media?parent=8815"}],"curies":[{"name":"wp","href":"https:\/\/api.w.org\/{rel}","templated":true}]}}